{"id":9845,"date":"2013-02-06T17:35:34","date_gmt":"2013-02-06T16:35:34","guid":{"rendered":"http:\/\/www.zadarskanadbiskupija.hr\/?page_id=9845"},"modified":"2023-01-15T05:46:16","modified_gmt":"2023-01-15T04:46:16","slug":"nadbiskup-6","status":"publish","type":"page","link":"https:\/\/arhiva.zadarskanadbiskupija.hr\/?page_id=9845","title":{"rendered":"Nadbiskup"},"content":{"rendered":"<div class=\"art-content-layout\">\n<div class=\"art-content-layout-row\">\n<div class=\"art-layout-cell layout-item-0\" style=\"width: 100%;\"><span style=\"color: inherit; font-size: 1.56em; font-weight: 600;\">Msgr. Milan Zgrabli\u0107, zadarski nadbiskup&nbsp;<\/span><\/div>\n<\/div>\n<\/div>\n<div class=\"art-content-layout\">\n<div class=\"art-content-layout-row\">\n<div class=\"art-layout-cell layout-item-0\" style=\"width: 100%;\">\n<p style=\"text-align: justify;\"><a href=\"https:\/\/arhiva.zadarskanadbiskupija.hr\/wp-content\/uploads\/2022\/07\/mons.-Milan-Zgrablic.png\"><img decoding=\"async\" loading=\"lazy\" class=\"size-medium wp-image-57574 alignleft\" src=\"https:\/\/arhiva.zadarskanadbiskupija.hr\/wp-content\/uploads\/2022\/07\/mons.-Milan-Zgrablic-225x300.png\" alt=\"\" width=\"225\" height=\"300\" srcset=\"https:\/\/arhiva.zadarskanadbiskupija.hr\/wp-content\/uploads\/2022\/07\/mons.-Milan-Zgrablic-225x300.png 225w, https:\/\/arhiva.zadarskanadbiskupija.hr\/wp-content\/uploads\/2022\/07\/mons.-Milan-Zgrablic-150x200.png 150w, https:\/\/arhiva.zadarskanadbiskupija.hr\/wp-content\/uploads\/2022\/07\/mons.-Milan-Zgrablic.png 433w\" sizes=\"(max-width: 225px) 100vw, 225px\" \/><\/a>Mons. Milan Zgrabli\u0107 ro\u0111en je u Pazinu, 29. kolovoza 1960. kao peto dijete u obitelji Josipa i majke Josipe Marije Zgrabli\u0107. Sakrament svetog krsta primio je u \u017eupi sv. Nikole u Pazinu 5. rujna 1960. Sakrament svete potvrde primio je tako\u0111er u Pazinu 6. srpnja 1975.&nbsp; Osnovnu \u0161kolu zavr\u0161io je u Pazinu (1976.), a prva dva razreda Srednje \u0161kole u Bi\u00adskupskom sjemeni\u0161tu u Pazinu.<\/p>\n<p style=\"text-align: justify;\">Njegov biskup mons. Dragutin Ne\u017ei\u0107 \u0161alje ga u ovaj grad, u sjemeni\u0161te \u201eZma\u00adjevi\u0107\u201c gdje poha\u0111a tre\u0107i i \u010detvrti razred, te pola\u017ee maturu 1980. godine. Od 1980. do 1986. studira teologiju na Visokoj bogo\u00adslovnoj \u0161koli u Rijeci. Nakon sve\u0107eni\u010dkog re\u0111enja, u Rovinju, 8. lipnja 1986., bio je \u017eupni vikar u Rovinju (1986. &#8211; 1987.). Nakon toga imenovan je prefektom u Nadbiskupskom sjemeni\u0161tu \u201eZmajevi\u0107\u201c u Zadru gdje ostaje tri godine (1987. &#8211; 990.).<\/p>\n<p style=\"text-align: justify;\">Po povratku u svoju Pore\u010dku i Pulsku biskupiju dvije godine bio je biskupijski povjerenik za duhovna zvanja, a onda odlazi na pos\u00adtdiplomski studij duhovnosti na Papinsko sveu\u010dili\u0161te \u201eGregoriana\u201c u Rimu (1992. &#8211; 1994.).<\/p>\n<p style=\"text-align: justify;\">Nakon zavr\u0161enog studija u Rimu imenovan je voditeljem u\u010deni\u010dkog doma u Pazin\u00adskom kolegiju &#8211; klasi\u010dnoj gimnaziji u Pazinu (1994. &#8211; 1997.), kada preuzi\u00adma i slu\u017ebu ravnatelja biskupijskog Caritasa do 2007. godine. Bio je osamnaest godina \u017eupnik u Rovinju (1997. &#8211; 2015.). Od 2008. vodi i Bi\u00adskupijsku ustanovu za uzdr\u017eavanje klera i drugih crkvenih slu\u017ebeni\u00adka Biskupije Pore\u010dke i Pulske. U rujnu 2015. imenovan je katedralnim \u017eupnikom u Pore\u010du. Od 2019. kanonik je Stolnog kaptola sv. Mavra u Pore\u010du. U sve\u0107eni\u010dkoj slu\u017ebi obna\u0161ao je i niz drugih du\u017enosti u Biskupiji Pore\u010dkoj i Pulskoj.<\/p>\n<p style=\"text-align: justify;\">Papa Franjo imenovao ga je zadarskim nadbiskupom koadjutorom, 7. travnja 2022. godine. 25. lipnja 2022. u zadarskoj katedrali zare\u0111en je za biskupa. U slu\u017ebu je uveden 14. sije\u010dnja 2023.<\/p>\n<p style=\"text-align: justify;\">adresa: Jurja Bijankinija 2, 23000 Zadar<\/p>\n<p style=\"text-align: justify;\">telefon: 023\/208-650<\/p>\n<p>e-mail: nadbiskup@zadarskanadbiskupija.hr<\/p>\n<h3><strong>Nadbiskupsko geslo<\/strong><\/h3>\n<p><strong>&nbsp;\u201eI rod donosite\u201c<\/strong><\/p>\n<p style=\"text-align: justify;\">\u201eNe izabraste vi mene, nego ja izabrah vas i postavih vas da idete i rod donosite i rod va\u0161 da ostane te vam Otac dadne \u0161togod ga zai\u0161tete u moje ime\u201c (Iv 15, 16). Ove Isusove rije\u010di upu\u0107ene apostolima na posljednjoj ve\u010deri, mladomisni\u010dko su geslo mons. Milana Zgrabli\u0107a, zadarskog nadbiskupa . Iz ovih Isusovih rije\u010di za svoju biskupsku slu\u017ebu izabrao je geslo <strong>\u201ei rod donosite\u201c.<\/strong><\/p>\n<p style=\"text-align: justify;\">Bog je ljubav, ka\u017ee sv. Ivan (1 Iv 4, 8; 4, 16). Najdragocjeniji i najsla\u0111i plod (rod) Bo\u017eje ljubavi je Isus Krist. Po Isusu \u010dovjek se hrani plodovima Bo\u017eje ljubavi i po Duhu srasta u njegovo bo\u017eanstvo i posinjenje. Rije\u010dju i djelom Isus svjedo\u010di: \u201cKao \u0161to je Otac ljubio mene&nbsp; tako sam i ja ljubio vas\u201d (Iv 15, 9). Onaj koji ide i rod donosi&nbsp; raste na Uskrsnom misti\u010dnom Tijelu Kristovu, koje je njegova Crkva, te sam ra\u0111a plodovima ljubavi. Donose\u0107i rod ljubavi ostvaruje se nova Isusova zapovijed koju je dao svojim u\u010denicima: \u201cLjubite jedni druge; kao \u0161to sam ja ljubio vas tako i vi ljubite jedni druge\u201c (Iv 13, 34). Rod koji su kr\u0161\u0107ani pozvani donositi ljudima svih vremena i svih naroda jest Kristova bezuvjetna ljubav. I\u0107i i rod donositi poziv je i poslanje svakog \u010dovjeka. Od svih kreposti, kako u\u010di sv. Pavao, najve\u0107a je ljubav. Sve proizlazi iz Ljubavi, sve smo pozvani \u010diniti po Ljubavi i radi Ljubavi, sve \u017eeli zavr\u0161iti u Ljubavi.&nbsp; Ljubav je jedina krepost koja ostaje za vje\u010dnost (usp. 1. Kor 13, 1 &#8211; 13). Sve ostalo prolazi i ima svoju bit kada slu\u017ei Ljubavi.<\/p>\n<h3><strong>Nadbiskupski grb<\/strong><\/h3>\n<p style=\"text-align: justify;\"><a href=\"https:\/\/arhiva.zadarskanadbiskupija.hr\/wp-content\/uploads\/2022\/07\/Grb-Zgrabli\u0107a-slika.jpg\"><img decoding=\"async\" loading=\"lazy\" class=\"size-thumbnail wp-image-57551 alignleft\" src=\"https:\/\/arhiva.zadarskanadbiskupija.hr\/wp-content\/uploads\/2022\/07\/Grb-Zgrabli\u0107a-slika-150x212.jpg\" alt=\"\" width=\"150\" height=\"212\" srcset=\"https:\/\/arhiva.zadarskanadbiskupija.hr\/wp-content\/uploads\/2022\/07\/Grb-Zgrabli\u0107a-slika-150x212.jpg 150w, https:\/\/arhiva.zadarskanadbiskupija.hr\/wp-content\/uploads\/2022\/07\/Grb-Zgrabli\u0107a-slika-212x300.jpg 212w, https:\/\/arhiva.zadarskanadbiskupija.hr\/wp-content\/uploads\/2022\/07\/Grb-Zgrabli\u0107a-slika.jpg 567w\" sizes=\"(max-width: 150px) 100vw, 150px\" \/><\/a>Grb simbolizira Presveto Trojstvo. Crvena boja ozna\u010dava Boga Oca, riba Sina (<a href=\"https:\/\/hr.wikipedia.org\/wiki\/Gr%C4%8Dki_jezik\">gr\u010d.<\/a>&nbsp;\u1f30\u03c7\u03b8\u03cd\u03c2&nbsp;&#8211; riba; je&nbsp;&nbsp;<a href=\"https:\/\/hr.wikipedia.org\/wiki\/Akronim\">akronim<\/a>&nbsp;za izraz: \u201eIsus Krist, Bo\u017eji Sin, Spasitelj\u201c) a rozeta kroz koju prodire svjetlost simbol je Duha Svetoga.<\/p>\n<p style=\"text-align: justify;\">U grbu dominira crvena boja koja simbolizira Boga koji je ljubav. \u201ePlod\u201c koji se ra\u0111a iz Bo\u017eje ljubavi je Uskrsli Krist &#8211; misti\u010dno Tijelo Kristovo \u2013 Narod Bo\u017eji &#8211; Crkva.<\/p>\n<p style=\"text-align: justify;\">Oblik ribe na grbu je simbol pore\u010dke bazilike &#8211; katedrale, a oblik rozete je simbol zadarske katedrale. Riba simbolizira mjesnu Crkvu, Biskupiju Pore\u010dku i Pulsku u kojoj je nadbiskup djelovao najve\u0107i dio svoje sve\u0107eni\u010dke slu\u017ebe, a motiv rozete uzet je iz pro\u010delja zadarske katedrale sv. Sto\u0161ije i simbolizira Zadarsku nadbiskupiju u kojoj je djelovao tri godine kao sve\u0107enik i sada nastavlja poslanje u biskupskoj slu\u017ebi.<\/p>\n<p style=\"text-align: justify;\">Zvijezde u gornjem desnom i lijevom dijelu grba simboliziraju Bo\u017eji poziv, vjeru,&nbsp; poslanje i blagoslov (usp. Post 12, 1 &#8211; 3&nbsp; &#8211; poziv Abrahamov, Post 15, 5 i drugdje). Mudraci s istoka vo\u0111eni zvijezdom (usp. Mt 2, 1 &#8211; 12) preko Jeruzalema i Pisma dolaze do mjesta gdje se zaustavila zvijezda i rodio Isusa.<\/p>\n<p style=\"text-align: justify;\">Zvijezda je i simbol dostojanstvo svakog kr\u0161\u0107anina. Prvi kr\u0161\u0107ani gradili su bazilike (\u201e<em>b\u03b1\u03c3\u03b9\u03bb\u03b5\u03cd\u03c2\u201c<\/em>, staro gr\u010d. \u201ekralj\u201c), pala\u010de u kojima su Boga slavili i primali otajstva spasenja. Time \u0161to su po vjeri Crkve postali djeca Bo\u017eja, primili su \u201ekraljevsku\u201c, najve\u0107u \u010dast i dostojanstvo. Dana\u0161njim rje\u010dnikom re\u010deno, postali su \u201ezvijezde\u201c.<\/p>\n<p style=\"text-align: justify;\">Na osobiti na\u010din, zvijezda s dvanaest krakova (usp. Otk 12,1) koja se nalazi u desnom uglu grba simbolizira Bla\u017eenu Djevicu Mariju, Majku Isusovu, ikonu Crkve, Majku i U\u010diteljicu Crkve, Majku obitelji i Kraljicu apostola.<\/p>\n<p style=\"text-align: justify;\">Zvijezda s deset simboli\u010dkih krakova&nbsp; u lijevom gornjem uglu grba ozna\u010dava svakog \u010dovjeka (usp. Izl 20 &#8211; deset zapovijedi; i Mt 25 1 &#8211; 13 &#8211; prispodoba o deset djevica) koji se prepoznaje u svom kr\u0161\u0107anskom identitetu kao osoba koju Bog ljubi. Sv. Ivan Evan\u0111elista prepoznaje sebe kao \u201eonaj u\u010denik koga je Gospodin ljubio\u201c (usp. Iv 13, 23 i 19, 26). Odazivaju\u0107i se na Bo\u017eji poziv, primaju\u0107i Bo\u017eji blagoslov, slijede\u0107i \u201emudrost zvijezde &#8211; Pisma\u201c susre\u0107e se Isusa Spasitelja. Time \u0161to nas Bog ljubi primamo najve\u0107e dostojanstvo i \u010dast koji nadilaze \u010dak i sve na\u0161e misli i na\u0161e \u017eelje. Iz tog identiteta proizlazi cijelo kr\u0161\u0107ansko poslanje, pa i biskupska slu\u017eba.<\/p>\n<p style=\"text-align: justify;\">Kri\u017e s dvije grede u grbu preuzet je iz nadbiskupskog&nbsp; grba mons. \u017delimira Pulji\u0107a,&nbsp; nadbiskupa zadarskog. Geslo \u201ei rod donosite\u201c istozna\u010dno je s geslom \u201eljubiti Crkvu\u201c mons. Ivana Pren\u0111e, pokojnog zadarskog nadbiskupa. Dvanaest zvijezda je u grbu pokojnog zadarskog nadbiskupa mons. Marijana Oblaka. Oblikom kri\u017ea, geslom i zvijezdama u grbu nazna\u010den je kontinuitet apostolske i biskupske slu\u017ebe u Zadarskoj nadbiskupiji. Mons. Zgrabli\u0107 114. je biskup i 70. nadbiskup na biskupskoj slu\u017ebi u&nbsp; sedamnaeststoljetnoj povijesti Crkve u Zadru.<\/p>\n<p style=\"text-align: justify;\">Zeleni ukrasni ornamenti oko grba ozna\u010davaju nadbiskupsku slu\u017ebu.<\/p>\n<p style=\"text-align: justify;\">Hvala vl\u010d. mr. sc. Tomislavu Ha\u010dko za heraldi\u010dku i grafi\u010dku obradu grba.<\/p>\n<div class=\"art-content-layout\">\n<div class=\"art-content-layout-row\">\n<div class=\"art-layout-cell layout-item-0\" style=\"width: 100%;\">\n<h3>Mons. \u017delimir Pulji\u0107 &#8211; zadarski nadbiskup u miru<\/h3>\n<p style=\"text-align: justify;\"><a href=\"https:\/\/arhiva.zadarskanadbiskupija.hr\/wp-content\/uploads\/2013\/01\/499d4eaf-56c2-470d-827a-da329af3c31d.png\"><img decoding=\"async\" loading=\"lazy\" class=\"alignleft size-thumbnail wp-image-9403\" title=\"499d4eaf-56c2-470d-827a-da329af3c31d\" src=\"https:\/\/arhiva.zadarskanadbiskupija.hr\/wp-content\/uploads\/2013\/01\/499d4eaf-56c2-470d-827a-da329af3c31d-150x200.png\" alt=\"\" width=\"150\" height=\"200\" srcset=\"https:\/\/arhiva.zadarskanadbiskupija.hr\/wp-content\/uploads\/2013\/01\/499d4eaf-56c2-470d-827a-da329af3c31d-150x200.png 150w, https:\/\/arhiva.zadarskanadbiskupija.hr\/wp-content\/uploads\/2013\/01\/499d4eaf-56c2-470d-827a-da329af3c31d-225x300.png 225w, https:\/\/arhiva.zadarskanadbiskupija.hr\/wp-content\/uploads\/2013\/01\/499d4eaf-56c2-470d-827a-da329af3c31d.png 300w\" sizes=\"(max-width: 150px) 100vw, 150px\" \/><\/a>Mons. \u017delimir Pulji\u0107 je ro\u0111en 7. o\u017eujka 1947. g. u mjestu Kamena pokraj Mostara, \u017eupa Blagaj, kao peto dijete od oca Ivana i majke Ane ro\u0111. Ragu\u017e. Osnovnu \u0161kolu po\u010deo je poha\u0111ati u Blagaju i Mostaru, a zavr\u0161io je u Po\u017eegi gdje su mu se roditelji preselili. Klasi\u010dnu gimnaziju poha\u0111ao je u Biskupijskom sjemeni\u0161tu u Dubrovniku (1962.-1966.). Nakon zavr\u0161ene mature upisao je teolo\u0161ki studij u Splitu (1966.-1970.) a nastavio u Rimu na Papinskom sveu\u010dili\u0161tu Urbaniani. U Rimu je 1978. g. postigao diplomu licencijata iz pastoralne teologije na Lateranskom sveu\u010dili\u0161tu. Osim teologije zavr\u0161io je i fakultet Odgojnih znanosti na Salezijanskom sveu\u010dili\u0161tu u Rimu gdje je doktorirao iz psihologije na Papinskom salezijanskom sveu\u010dili\u0161tu 12. o\u017eujka 1980.<\/p>\n<p style=\"text-align: justify;\">Za sve\u0107enika Mostarsko-duvanjske biskupije zare\u0111en je 24. o\u017eujka 1974. g. u Rimu. Po zavr\u0161etku studija i povratku iz Rima na Katoli\u010dkoj bogosloviji u Sarajevu vr\u0161io je slu\u017ebu prefekta studenata (1978.-1980.), prefekta studija (1980.-1986.) i rektora bogoslovije (1986.-1989.). Na teologiji predaje op\u0107u psihologiju, psihologiju religije i katehetiku. Sveti otac Ivan Pavao II. imenovao ga je dubrova\u010dkim biskupom 7. prosinca 1989. g. Za biskupa je zare\u0111en u Dubrovniku 14. sije\u010dnja 1990. g., kad je i preuzeo slu\u017ebu upravljanja biskupijom. Nakon dvadesetgodi\u0161njeg slu\u017eenja u Dubrova\u010dkoj biskupiji, papa Benedikt XVI. imenovao ga je 15. o\u017eujka 2010. g. zadarskim nadbiskupom. U slu\u017ebu je uveden u zadarskoj prvostolnici sv. Sto\u0161ije 24. travnja 2010. g.<\/p>\n<p style=\"text-align: justify;\">Pri Hrvatskoj biskupskoj konferenciji obavljao je vi\u0161e slu\u017ebi: bio je \u010dlan Stalnog vije\u0107a HBK (1996.-2002.), predsjednik Vije\u0107a za obitelj (1991.-1998.), \u010dlan Komisije za Hrvatski zavod \u2018Sv. Jeronima\u2019 u Rimu (1997.-2002.), \u010dlan Komisije za ure\u0111enje odnosa s dr\u017eavom (1996.-2002.) te njen predsjednik (1999.-2002.).<\/p>\n<p style=\"text-align: justify;\">Sada\u0161nje slu\u017ebe mons. Pulji\u0107a pri HBK su: predsjednik Vije\u0107a HBK za kulturu i crkvena kulturna dobra (od 1998. g.), predsjednik Vije\u0107a HBK i BKBiH za hrvatsku inozemnu pastvu (od 6. o\u017eujka 2002.) te \u010dlan Biskupske komisije HBK za odnose s Europskom unijom. \u010clan je Europske akademije znanosti i umjetnosti od 29. rujna 1995. g. Bio je \u010dlan Upravnog vije\u0107a Sveu\u010dili\u0161ta u Zagrebu (1993.-1995.) te \u010dlan \u2018Savjeta Sveu\u010dili\u0161ta u Dubrovniku\u2019 (25. sije\u010dnja 2005. g.-31. o\u017eujka 2009. g.).<\/p>\n<p style=\"text-align: justify;\">Uz brojne \u010dlanke i studije objavljene u hrvatskim \u010dasopisima, uredio je i objavio knjige: Josip Stadler, Sarajevo 1989.; Kr\u0161\u0107anstvo srednjovjekovne Bosne, Sarajevo 1991.; Vatikan i Dubrovnik, Dubrovnik 1994.; \u010castimo te kri\u017eu sveti, Dubrovnik 1997.; Euharistija izgra\u0111uje Crkvu, Dubrovnik 2000.; 1000 godina Dubrova\u010dke nadbiskupije, Dubrovnik 2000.; Josip M. Carevi\u0107 \u2013 dubrova\u010dki biskup, Dubrovnik 2002.; Obitelj \u2013 snaga Crkve i naroda, Dubrovnik 2004.; Ro\u0111eni iz ljubavi Kristove, Dubrovnik 2010.<\/p>\n<p>adresa: Jurja Bijankinija 2, 23 000 Zadar<\/p>\n<p>telefon: 023\/208-650<\/p>\n<p>e-mail: <a href=\"mailto:zelimir.puljic@du.t-com.hr\">zelimir.puljic@du.t-com.hr<\/a><\/p>\n<p><span style=\"color: inherit; font-size: 1.56em; font-weight: 600;\">Grb nadbiskupa mons. \u017delimira u miru<\/span><\/p>\n<\/div>\n<\/div>\n<\/div>\n<div class=\"art-content-layout\">\n<div class=\"art-content-layout-row\">\n<div class=\"art-layout-cell layout-item-0\" style=\"width: 100%;\">\n<p style=\"text-align: justify;\"><strong>Nadbiskupsko geslo<\/strong> zadarskog nadbiskupa mons. dr. \u017delimira Pulji\u0107a, 113. pastira u 17 stolje\u0107a zadarske Crkve, je \u2018Unitas, libertas, caritas \u2013 jedinstvo, sloboda, ljubav\u2019, preuzeto od misli sv. Augustina: In necessariis Unitas, in dubiis Libertas, in omnibus Caritas, \u0161to zna\u010di \u2013 U bitnome jedinstvo, u dvojbama sloboda, a u svemu ljubav. Jedinstvo je prva i temeljna rije\u010d koja daje prostora slobodi, a hrani se ljubavlju koju nam je raspeti na\u0161 Otkupitelj posvjedo\u010dio svojim \u017eivotom.<\/p>\n<p style=\"text-align: justify;\"><strong><a href=\"https:\/\/arhiva.zadarskanadbiskupija.hr\/?attachment_id=1323\" rel=\"attachment wp-att-1323\"><img decoding=\"async\" loading=\"lazy\" style=\"float: left; margin-right: 17px;\" title=\"grb nadbiskupa pulji\u0107a\" src=\"http:\/\/zadarskanadbiskupija.hr\/wp-content\/uploads\/2010\/05\/grb-nadbiskupa-pulji%C4%87a1.jpg\" alt=\"\" width=\"160\" height=\"175\"><\/a>Nadbiskupski grb<\/strong> se sastoji od \u0161tita iznad kojeg se nalazi nadbiskupski galero \u0161e\u0161ir. Iza \u0161tita nalaze se biskupski znakovi: \u0161tap \u2013 pastoral, mitra te dvostruki kri\u017e. Ispod \u0161tita se nalazi lenta s geslom nadbiskupa na latinskom jeziku. U pozadini \u0161tita je grb dubrova\u010dkih boja u naizmjence crveno srebrnim poljima. To simbolizira povezanost s Dubrovnikom odakle mons. Pulji\u0107 dolazi nakon dvadesetgodi\u0161njeg slu\u017eenja u Dubrova\u010dkoj biskupiji. U sredini \u0161tita je Branimirov kri\u017e iz Nina \u0161to sadr\u017ei vi\u0161estruku simboliku. Nin je staro biskupsko sjedi\u0161te i sjedi\u0161te hrvatskih narodnih vladara. Za vrijeme kneza Branimira u Ninu papa Ivan VIII. 879. g. je priznao Hrvatsku kao suverenu dr\u017eavu. U to vrijeme u Ninu je stolovao biskup Teodozije. Stoga je Branimirov kri\u017e simbol ne samo zadarske nadbiskupije nego i cjelokupne povijesti i kr\u0161\u0107anske kulture hrvatskog naroda, potvr\u0111ene vjernosti hrvatskog naroda Svetoj Stolici i Petrovom nasljedniku. Tom vjerom i kulturom obilje\u017eena je povijest i Dubrova\u010dke biskupije iz koje mons. Pulji\u0107 dolazi, kao i Zadarske nadbiskupije kojoj je odlukom pape Benedikta XVI. poslan \u2018predsjedati u ljubavi\u2019.<\/p>\n<p style=\"text-align: justify;\">Tako je u grbu dobio tzv. dvostruki nadbiskupski kri\u017e koji se u umjetnosti ina\u010de stilizira sa dvije popre\u010dne grede, za razliku od dosada\u0161nje jedne koju je imao kao biskup. Pokraj nadbiskupskog kri\u017ea na grbu nalaze se mitra i pastirski \u0161tap. ako je napisao u Pismu zadarskim vjernicima. Ispod grba upisane su rije\u010di \u2018unitas, libertas, caritas\u2019, \u0161to je i biskupsko geslo mons. Pulji\u0107a, a preuzete su iz Augustinove re\u010denice: \u2018In necessariis unitas, in dubiis libertas, in omnibus caritas\u2019 \u0161to zna\u010di: \u2018U bitnome jedinstvo, u dvojbama sloboda, a u svemu ljubav\u2019.<\/p>\n<\/div>\n<\/div>\n<\/div>\n<\/div>\n<\/div>\n<\/div>\n\n\n<h2><\/h2>\n","protected":false},"excerpt":{"rendered":"<div class=\"mh-excerpt\"><p>Msgr. Milan Zgrabli\u0107, zadarski nadbiskup&nbsp; Mons. Milan Zgrabli\u0107 ro\u0111en je u Pazinu, 29. kolovoza 1960. kao peto dijete u obitelji <a class=\"mh-excerpt-more\" href=\"https:\/\/arhiva.zadarskanadbiskupija.hr\/?page_id=9845\" title=\"Nadbiskup\">&#8230;<\/a><\/p>\n<\/div>","protected":false},"author":1,"featured_media":0,"parent":0,"menu_order":40,"comment_status":"closed","ping_status":"closed","template":"","meta":{"_mi_skip_tracking":false,"_monsterinsights_sitenote_active":false,"_monsterinsights_sitenote_note":"","_monsterinsights_sitenote_category":0},"aioseo_notices":[],"_links":{"self":[{"href":"https:\/\/arhiva.zadarskanadbiskupija.hr\/index.php?rest_route=\/wp\/v2\/pages\/9845"}],"collection":[{"href":"https:\/\/arhiva.zadarskanadbiskupija.hr\/index.php?rest_route=\/wp\/v2\/pages"}],"about":[{"href":"https:\/\/arhiva.zadarskanadbiskupija.hr\/index.php?rest_route=\/wp\/v2\/types\/page"}],"author":[{"embeddable":true,"href":"https:\/\/arhiva.zadarskanadbiskupija.hr\/index.php?rest_route=\/wp\/v2\/users\/1"}],"replies":[{"embeddable":true,"href":"https:\/\/arhiva.zadarskanadbiskupija.hr\/index.php?rest_route=%2Fwp%2Fv2%2Fcomments&post=9845"}],"version-history":[{"count":7,"href":"https:\/\/arhiva.zadarskanadbiskupija.hr\/index.php?rest_route=\/wp\/v2\/pages\/9845\/revisions"}],"predecessor-version":[{"id":60641,"href":"https:\/\/arhiva.zadarskanadbiskupija.hr\/index.php?rest_route=\/wp\/v2\/pages\/9845\/revisions\/60641"}],"wp:attachment":[{"href":"https:\/\/arhiva.zadarskanadbiskupija.hr\/index.php?rest_route=%2Fwp%2Fv2%2Fmedia&parent=9845"}],"curies":[{"name":"wp","href":"https:\/\/api.w.org\/{rel}","templated":true}]}}