{"id":9619,"date":"2013-01-24T21:15:26","date_gmt":"2013-01-24T20:15:26","guid":{"rendered":"http:\/\/www.zadarskanadbiskupija.hr\/?page_id=9619"},"modified":"2022-01-13T15:20:19","modified_gmt":"2022-01-13T14:20:19","slug":"kalendar-dogadanja","status":"publish","type":"page","link":"https:\/\/arhiva.zadarskanadbiskupija.hr\/?page_id=9619","title":{"rendered":"ZARU\u010cNI\u010cKI TE\u010cAJ"},"content":{"rendered":"<h3><strong>ZARU\u010cNI\u010cKI TE\u010cAJ U 2020. GODINI<\/strong><\/h3>\n<p>Zaru\u010dnici koji namjeravaju sklopiti sakramenat svete \u017eenidbe du\u017eni su obaviti Zaru\u010dni\u010dki te\u010daj.<\/p>\n<p>Zaru\u010dnici se najprije trebaju javiti svome \u017eupniku koji \u0107e im ispisati potvrdu za te\u010daj.<\/p>\n<p>Te\u010daj se odr\u017eava u Pastoralnom centru \u017dupe Bezgre\u0161nog za\u010de\u0107a bla\u017eene Djevice Marije, A. \u0160enoe 3., Zadar-Puntamika, uvijek s po\u010detkom u 18,45 sati, prema sljede\u0107em kalendarskom rasporedu:<\/p>\n<p><a href=\"https:\/\/arhiva.zadarskanadbiskupija.hr\/wp-content\/uploads\/2022\/01\/Zaru\u010dni\u010dki-te\u010daj-2022.png\">Plakat nadbiskupija 2022<\/a><\/p>\n<p>&nbsp;<\/p>\n<p>&nbsp;<\/p>\n<p>&nbsp;<\/p>\n<p>&nbsp;<\/p>\n<p>&nbsp;<\/p>\n","protected":false},"excerpt":{"rendered":"<div class=\"mh-excerpt\"><p>ZARU\u010cNI\u010cKI TE\u010cAJ U 2020. GODINI Zaru\u010dnici koji namjeravaju sklopiti sakramenat svete \u017eenidbe du\u017eni su obaviti Zaru\u010dni\u010dki te\u010daj. Zaru\u010dnici se najprije <a class=\"mh-excerpt-more\" href=\"https:\/\/arhiva.zadarskanadbiskupija.hr\/?page_id=9619\" title=\"ZARU\u010cNI\u010cKI TE\u010cAJ\">&#8230;<\/a><\/p>\n<\/div>","protected":false},"author":1,"featured_media":0,"parent":0,"menu_order":120,"comment_status":"closed","ping_status":"closed","template":"","meta":{"_mi_skip_tracking":false,"_monsterinsights_sitenote_active":false,"_monsterinsights_sitenote_note":"","_monsterinsights_sitenote_category":0},"aioseo_notices":[],"_links":{"self":[{"href":"https:\/\/arhiva.zadarskanadbiskupija.hr\/index.php?rest_route=\/wp\/v2\/pages\/9619"}],"collection":[{"href":"https:\/\/arhiva.zadarskanadbiskupija.hr\/index.php?rest_route=\/wp\/v2\/pages"}],"about":[{"href":"https:\/\/arhiva.zadarskanadbiskupija.hr\/index.php?rest_route=\/wp\/v2\/types\/page"}],"author":[{"embeddable":true,"href":"https:\/\/arhiva.zadarskanadbiskupija.hr\/index.php?rest_route=\/wp\/v2\/users\/1"}],"replies":[{"embeddable":true,"href":"https:\/\/arhiva.zadarskanadbiskupija.hr\/index.php?rest_route=%2Fwp%2Fv2%2Fcomments&post=9619"}],"version-history":[{"count":32,"href":"https:\/\/arhiva.zadarskanadbiskupija.hr\/index.php?rest_route=\/wp\/v2\/pages\/9619\/revisions"}],"predecessor-version":[{"id":53062,"href":"https:\/\/arhiva.zadarskanadbiskupija.hr\/index.php?rest_route=\/wp\/v2\/pages\/9619\/revisions\/53062"}],"wp:attachment":[{"href":"https:\/\/arhiva.zadarskanadbiskupija.hr\/index.php?rest_route=%2Fwp%2Fv2%2Fmedia&parent=9619"}],"curies":[{"name":"wp","href":"https:\/\/api.w.org\/{rel}","templated":true}]}}