{"id":9412,"date":"2013-01-23T11:13:31","date_gmt":"2013-01-23T10:13:31","guid":{"rendered":"http:\/\/www.zadarskanadbiskupija.hr\/?page_id=9412"},"modified":"2023-08-23T08:50:15","modified_gmt":"2023-08-23T07:50:15","slug":"uredi","status":"publish","type":"page","link":"https:\/\/arhiva.zadarskanadbiskupija.hr\/?page_id=9412","title":{"rendered":"Uredi"},"content":{"rendered":"<div class=\"art-content-layout\">\n<div class=\"art-content-layout-row\">\n<div class=\"art-layout-cell layout-item-0\" style=\"width: 50%;\">\n<h3>Ured nadbiskupa<\/h3>\n<address>mons. Milan ZGRABLI\u0106,<\/address><address>nadbiskup zadarski<\/address><address>e-mail: <a href=\"mailto:nadbiskup@zadarskanadbiskupija.hr\">milan.zgrablic@gmail.com<\/a><\/address><address>&nbsp;<\/address><address>Mario KARADAKI\u0106, tajnik:<\/address><address>tel. 208-695;&nbsp;<\/address><address>e-mail: <a href=\"mailto:tajnik@zadarskanadbiskupija.hr\">tajnik@zadarskanadbiskupija.hr<br><\/a><\/address><address>&nbsp;<\/address>\n<h3>Ured generalnog vikara<\/h3>\n<address>Generalni vikar: dr. sc. don Ante SORI\u0106<\/address><address>&nbsp;<\/address><address>Jurja Bijankinija 2, &nbsp;23000 Zadar<\/address><address>&nbsp;<\/address>\n<h3>Ured Kancelara&nbsp;<\/h3>\n<address>Kancelar: don Marin BATUR<\/address><address>tel. 208-612;&nbsp;<\/address><address>e-mail: <a href=\"mailto:kancelar@zadarskanadbiskupija.hr\">kancelar@zadarskanadbiskupija.hr<\/a><\/address><address>&nbsp;<\/address><address>Bilje\u017enik: Tamara \u0160U\u017dBERI\u0106<\/address><address>tel. 208-660;&nbsp;<\/address><address>&nbsp;<\/address><address>&nbsp;<\/address>\n<h3>Ekonomat<\/h3>\n<address>Ekonom: don Damir \u0160EHI\u0106,<\/address><address>tel. 208-616;&nbsp;&nbsp;<\/address><address>e-mail: <a href=\"mailto:srecko.petrov@zd.t-com.hr\">ekonom@zadarskanadbiskupija.hr<\/a><\/address><address>Rizni\u010darka: Mirella BUR\u010cUL,<\/address><address>tel. 208-631<\/address><address>Ra\u010dunovodstvo: Zrinka GRUBI\u0106,<\/address><address>tel. 208-617<\/address><\/div>\n<address>&nbsp;<\/address>\n<div class=\"art-layout-cell layout-item-0\" style=\"width: 50%;\">\n<h3>Katehetski ured<\/h3>\n<address>Predstojnik: mr. don Ga\u0161par DODI\u0106<\/address><address>Tajnica: \u010d.s. Viktorija Gad\u017ea, prof., tel.\/faks: 208-632<\/address><address>e-mail: <a href=\"mailto:katehetski.ured.zadar@zd.t-com.hr\">katehetski.ured.zadar@zd.t-com.hr<\/a><\/address><\/div>\n<\/div>\n<\/div>\n<address>&nbsp;<\/address>\n<div class=\"art-content-layout\">\n<div class=\"art-content-layout-row\">\n<div class=\"art-layout-cell layout-item-0\" style=\"width: 50%;\">\n<h3>Tiskovni ured<\/h3>\n<h2><strong><span style=\"color: #1f160a; font-size: 12px;\">Predstojnik: don \u0160imun \u0160INDIJA<\/span><\/strong><\/h2>\n<h2><strong><span style=\"color: #1f160a; font-size: 12px;\">Tajnica: Ines GRBI\u0106, prof.<\/span><\/strong><\/h2>\n<h5><strong>tel. 208-643;&nbsp; mob. 098-918-0326<\/strong><\/h5>\n<address>e-mail: <a href=\"mailto:tiskovni.ured.zadar@zd.t-com.hr\">tiskovni@zadarskanadbiskuija.hr<br><\/a><\/address>\n<p>&nbsp;<\/p>\n<h3>Ured za izdava\u0161tvo &#8211; web stranica &#8211; vjesnik<\/h3>\n<address>Predstojnik: don \u0160imun \u0160INDIJA<\/address><address>&nbsp;tel. 208-643<\/address><address>e-mail: <a href=\"mailto:izdavastvo@zadarskanadbiskupija.hr\">izdavastvo@zadarskanadbiskupija.hr<\/a><\/address><address>&nbsp;<\/address><address style=\"margin-bottom: 0px; margin-top: 2px;\">&nbsp;&nbsp;<\/address><address>&nbsp;<\/address><address>&nbsp;<\/address><address><strong>Nadbiskupijski sud prvog stupnja<\/strong><\/address><address>&nbsp;<\/address><\/div>\n<div class=\"art-layout-cell layout-item-0\" style=\"width: 50%;\"><address>Sudski vikar: mr. don Zdravko KATU\u0160A tel. 208-651,<\/address><address>mob. 095-911-1434<\/address><address>Sudac Nadbiskupijskog suda I. st,: mr. don Marin BATUR<\/address><address>Sutkinja Nadbiskupijskog suda I.st. : dr. sc. Klara \u0106AVAR<\/address><address>Branitelj \u017eenidbenog veza: mr. don Zdenko MILI\u0106<\/address><address>dr. sc. M. Dijana s. MIHALJ- Ured za savjetovanje<\/address><address>Bilje\u017enik:&nbsp;Tamara \u0160U\u017dBERI\u0106<\/address><address>&nbsp;<\/address>\n<h3>NADBISKUPSKA USTANOVA ZA UZDR\u017dAVANJE KLERA<br>I DRUGIH CRKVENIH SLU\u017dBENIKA<\/h3>\n<address>Ravnatelj: don Mario AKRAP<\/address><address>tel. 208-686<\/address><address>&nbsp;<\/address>\n<h3>TAJNI\u0160TVO ZA POVRAT CRKVENE IMOVINE I SRE\u0110IVANJE POKRETNE<br>I NEPOKRETNE IMOVINE ZADARSKE NADBISKUPIJE<\/h3>\n<p><span style=\"font-size: 1.17em;\">Voditelj:&nbsp;<\/span><br><span style=\"font-size: 1.17em;\">tel. 208-664,&nbsp;<\/span><\/p>\n<h3>NADBISKUPIJSKI URED ZA MLADE<\/h3>\n<p>Povjerenik: Don Ivan \u0160IBALI\u0106<br>tel. 208-663;&nbsp;&nbsp;<\/p>\n<h3>POVJERENSTVO ZA OBITELJ<br>Te\u010daj priprave za brak<\/h3>\n<h3><span style=\"color: #1f160a; font-size: 12px; font-style: italic;\">Povjerenik: don Igor Iki\u0107<br><\/span><\/h3>\n<address>Pastoraln| centar \u017eupe Bezgre\u0161nog za\u010de\u0107a BDM<\/address><address>Trg kardinala Alojzija Stepinca 1, 23000 Zadar<\/address><address>tel. 331-064; faks: 335-614; mob. 095 199 1633<\/address><address>e-mail: donigorikic@gmail.com&nbsp;&nbsp;&nbsp;<\/address><\/div>\n<\/div>\n<h3>&nbsp;<\/h3>\n<div class=\"art-content-layout-row\">\n<div class=\"art-layout-cell layout-item-0\" style=\"width: 50%;\">\n<h5 style=\"margin-top: 2px; margin-bottom: 0px;\"><span style=\"font-style: italic;\">ARHIV ZADARSKE NADBISKUPIJE<\/span><\/h5>\n<p style=\"margin-top: 2px; margin-bottom: 0px;\"><span style=\"font-style: italic;\">Jurja &nbsp;Biankinija 2<\/span><\/p>\n<address style=\"margin-top: 2px;\"><span class=\"zupa\">23000 Zadar<\/span><\/address><address>&nbsp;<\/address>\n<h5><span class=\"zupa\">\u010cITAONICA \u2013 tel. 208-662<\/span><\/h5>\n<address><span class=\"zupa\">Arhivist: Oliver MODRI\u0106, prof., <\/span><\/address><address>e-mail: oliver.modric@zd.t-com.hr<\/address><address>&nbsp;<\/address><address>&nbsp;<\/address>\n<h3><span class=\"zupa\" style=\"color: #737619;\">KNJI\u017dNICE<\/span><\/h3>\n<address>&nbsp;<\/address><address><span class=\"zupa\">KAPTOLSKA BIBLIOTEKA \u2013 spomeni\u010dkog karaktera; ima inventar i ure\u0111ena je. Posjeduje vrijedne rukopise: tri inkunabule, preko 100 knjiga iz 16. st.<\/span><\/address><address>&nbsp;<\/address><address>&nbsp;<\/address><address><span class=\"zupa\">KNJI\u017dNICA \u201cZMAJEVI\u0106\u201d \u2013 knji\u017enica Zadarske nadbiskupije i Klasi\u010dne gimnazije Ivana Pavla II.<\/span><\/address><address>&nbsp;<\/address><address>&nbsp;<\/address><address><span class=\"zupa\"><strong>ZBIRKA BIBLIJA ZADARSKE NADBISKUPIJE<\/strong><\/span><\/address><address><span class=\"zupa\">Jedinstvena zbirka Biblija, koju je zapo\u010deo i najve\u0107im dijelom sakupio zadarski nadbiskup mons. Marijan Oblak,&nbsp;s oko 1000 primjeraka Svetoga pisma na vi\u0161e od 200 svjetski jezika.<\/span><\/address>\n<p>&nbsp;<\/p>\n<\/div>\n<\/div>\n<\/div>\n\n\n<p><\/p>\n","protected":false},"excerpt":{"rendered":"<div class=\"mh-excerpt\"><p>Ured nadbiskupa mons. Milan ZGRABLI\u0106, nadbiskup zadarski e-mail: milan.zgrablic@gmail.com &nbsp; Mario KARADAKI\u0106, tajnik: tel. 208-695;&nbsp; e-mail: tajnik@zadarskanadbiskupija.hr &nbsp; Ured generalnog <a class=\"mh-excerpt-more\" href=\"https:\/\/arhiva.zadarskanadbiskupija.hr\/?page_id=9412\" title=\"Uredi\">&#8230;<\/a><\/p>\n<\/div>","protected":false},"author":1,"featured_media":0,"parent":0,"menu_order":60,"comment_status":"closed","ping_status":"closed","template":"","meta":{"_mi_skip_tracking":false,"_monsterinsights_sitenote_active":false,"_monsterinsights_sitenote_note":"","_monsterinsights_sitenote_category":0},"aioseo_notices":[],"_links":{"self":[{"href":"https:\/\/arhiva.zadarskanadbiskupija.hr\/index.php?rest_route=\/wp\/v2\/pages\/9412"}],"collection":[{"href":"https:\/\/arhiva.zadarskanadbiskupija.hr\/index.php?rest_route=\/wp\/v2\/pages"}],"about":[{"href":"https:\/\/arhiva.zadarskanadbiskupija.hr\/index.php?rest_route=\/wp\/v2\/types\/page"}],"author":[{"embeddable":true,"href":"https:\/\/arhiva.zadarskanadbiskupija.hr\/index.php?rest_route=\/wp\/v2\/users\/1"}],"replies":[{"embeddable":true,"href":"https:\/\/arhiva.zadarskanadbiskupija.hr\/index.php?rest_route=%2Fwp%2Fv2%2Fcomments&post=9412"}],"version-history":[{"count":32,"href":"https:\/\/arhiva.zadarskanadbiskupija.hr\/index.php?rest_route=\/wp\/v2\/pages\/9412\/revisions"}],"predecessor-version":[{"id":69483,"href":"https:\/\/arhiva.zadarskanadbiskupija.hr\/index.php?rest_route=\/wp\/v2\/pages\/9412\/revisions\/69483"}],"wp:attachment":[{"href":"https:\/\/arhiva.zadarskanadbiskupija.hr\/index.php?rest_route=%2Fwp%2Fv2%2Fmedia&parent=9412"}],"curies":[{"name":"wp","href":"https:\/\/api.w.org\/{rel}","templated":true}]}}